{"id":1667,"date":"2021-06-18T11:09:27","date_gmt":"2021-06-18T11:09:27","guid":{"rendered":"https:\/\/serilopes.cv\/2021\/?post_type=product&#038;p=1667"},"modified":"2025-10-15T16:44:54","modified_gmt":"2025-10-15T16:44:54","slug":"uniformes","status":"publish","type":"product","link":"https:\/\/serilopes.cv\/2021\/produto\/uniformes\/","title":{"rendered":"Uniformes"},"content":{"rendered":"","protected":false},"excerpt":{"rendered":"<blockquote><p>A empresa tem evolu\u00eddo a cada dia na produ\u00e7\u00e3o de todos os tipos de fardamentos tais como cal\u00e7as, fato de macaco, batas,<br \/>\njalecos, camisas, saias, chap\u00e9u, coletes, aventais e outros, com impress\u00e3o, serigrafia e bordados, propondo melhoria na imagem das<br \/>\nempresas atrav\u00e9s dos novos modelos de fardamentos.<\/p><\/blockquote>\n","protected":false},"featured_media":2127,"comment_status":"open","ping_status":"closed","template":"","meta":[],"class_list":["post-1667","product","type-product","status-publish","has-post-thumbnail","hentry","product_cat-confeccao","product_cat-uniformes"],"_links":{"self":[{"href":"https:\/\/serilopes.cv\/2021\/wp-json\/wp\/v2\/product\/1667","targetHints":{"allow":["GET"]}}],"collection":[{"href":"https:\/\/serilopes.cv\/2021\/wp-json\/wp\/v2\/product"}],"about":[{"href":"https:\/\/serilopes.cv\/2021\/wp-json\/wp\/v2\/types\/product"}],"replies":[{"embeddable":true,"href":"https:\/\/serilopes.cv\/2021\/wp-json\/wp\/v2\/comments?post=1667"}],"version-history":[{"count":5,"href":"https:\/\/serilopes.cv\/2021\/wp-json\/wp\/v2\/product\/1667\/revisions"}],"predecessor-version":[{"id":2686,"href":"https:\/\/serilopes.cv\/2021\/wp-json\/wp\/v2\/product\/1667\/revisions\/2686"}],"wp:featuredmedia":[{"embeddable":true,"href":"https:\/\/serilopes.cv\/2021\/wp-json\/wp\/v2\/media\/2127"}],"wp:attachment":[{"href":"https:\/\/serilopes.cv\/2021\/wp-json\/wp\/v2\/media?parent=1667"}],"curies":[{"name":"wp","href":"https:\/\/api.w.org\/{rel}","templated":true}]}}