{"id":1594,"date":"2021-05-21T11:00:09","date_gmt":"2021-05-21T11:00:09","guid":{"rendered":"https:\/\/serilopes.cv\/2021\/?post_type=product&#038;p=1594"},"modified":"2025-11-29T05:49:03","modified_gmt":"2025-11-29T05:49:03","slug":"batas","status":"publish","type":"product","link":"https:\/\/serilopes.cv\/2021\/produto\/batas\/","title":{"rendered":"Batas"},"content":{"rendered":"<p>&nbsp;<\/p>\n<p>&nbsp;<\/p>\n","protected":false},"excerpt":{"rendered":"<blockquote><p>Temos v\u00e1rios modelos e op\u00e7\u00f5es de batas laborais com \u00a0gramagens e composi\u00e7\u00f5es adequadas as necessidades dos nossos clientes, com pre\u00e7os compat\u00edveis no mercado nacional.<\/p><\/blockquote>\n","protected":false},"featured_media":2136,"comment_status":"open","ping_status":"closed","template":"","meta":[],"class_list":["post-1594","product","type-product","status-publish","has-post-thumbnail","hentry","product_cat-batas","product_cat-confeccao"],"_links":{"self":[{"href":"https:\/\/serilopes.cv\/2021\/wp-json\/wp\/v2\/product\/1594","targetHints":{"allow":["GET"]}}],"collection":[{"href":"https:\/\/serilopes.cv\/2021\/wp-json\/wp\/v2\/product"}],"about":[{"href":"https:\/\/serilopes.cv\/2021\/wp-json\/wp\/v2\/types\/product"}],"replies":[{"embeddable":true,"href":"https:\/\/serilopes.cv\/2021\/wp-json\/wp\/v2\/comments?post=1594"}],"version-history":[{"count":7,"href":"https:\/\/serilopes.cv\/2021\/wp-json\/wp\/v2\/product\/1594\/revisions"}],"predecessor-version":[{"id":2685,"href":"https:\/\/serilopes.cv\/2021\/wp-json\/wp\/v2\/product\/1594\/revisions\/2685"}],"wp:featuredmedia":[{"embeddable":true,"href":"https:\/\/serilopes.cv\/2021\/wp-json\/wp\/v2\/media\/2136"}],"wp:attachment":[{"href":"https:\/\/serilopes.cv\/2021\/wp-json\/wp\/v2\/media?parent=1594"}],"curies":[{"name":"wp","href":"https:\/\/api.w.org\/{rel}","templated":true}]}}