{"id":43,"date":"2017-12-17T10:06:43","date_gmt":"2017-12-17T10:06:43","guid":{"rendered":"https:\/\/serilopes.cv\/2021\/about\/"},"modified":"2023-05-03T18:20:15","modified_gmt":"2023-05-03T18:20:15","slug":"blog","status":"publish","type":"page","link":"https:\/\/serilopes.cv\/2021\/blog\/","title":{"rendered":"Blog"},"content":{"rendered":"\t\t<div data-elementor-type=\"wp-post\" data-elementor-id=\"43\" class=\"elementor elementor-43\" data-elementor-settings=\"[]\">\n\t\t\t\t\t\t\t<div class=\"elementor-section-wrap\">\n\t\t\t\t\t\t\t<section class=\"elementor-section elementor-top-section elementor-element elementor-element-8c39fce elementor-section-content-middle elementor-section-boxed elementor-section-height-default elementor-section-height-default\" data-id=\"8c39fce\" data-element_type=\"section\" data-settings=\"{&quot;background_background&quot;:&quot;classic&quot;}\">\n\t\t\t\t\t\t\t<div class=\"elementor-background-overlay\"><\/div>\n\t\t\t\t\t\t\t<div class=\"elementor-container elementor-column-gap-no\">\n\t\t\t\t\t<div class=\"elementor-column elementor-col-100 elementor-top-column elementor-element elementor-element-b1952b1\" data-id=\"b1952b1\" data-element_type=\"column\">\n\t\t\t<div class=\"elementor-widget-wrap elementor-element-populated\">\n\t\t\t\t\t\t\t\t\t<\/div>\n\t\t<\/div>\n\t\t\t\t\t\t\t<\/div>\n\t\t<\/section>\n\t\t\t\t<section class=\"elementor-section elementor-top-section elementor-element elementor-element-d28c655 elementor-section-full_width elementor-section-height-default elementor-section-height-default\" data-id=\"d28c655\" data-element_type=\"section\">\n\t\t\t\t\t\t<div class=\"elementor-container elementor-column-gap-default\">\n\t\t\t\t\t<div class=\"elementor-column elementor-col-100 elementor-top-column elementor-element elementor-element-997bde8\" data-id=\"997bde8\" data-element_type=\"column\" data-settings=\"{&quot;background_background&quot;:&quot;classic&quot;}\">\n\t\t\t<div class=\"elementor-widget-wrap elementor-element-populated\">\n\t\t\t\t\t\t\t\t<div class=\"elementor-element elementor-element-17ca878 elementor-widget elementor-widget-heading\" data-id=\"17ca878\" data-element_type=\"widget\" data-widget_type=\"heading.default\">\n\t\t\t\t<div class=\"elementor-widget-container\">\n\t\t\t<h3 class=\"elementor-heading-title elementor-size-default\">Blog<\/h3>\t\t<\/div>\n\t\t\t\t<\/div>\n\t\t\t\t<div class=\"elementor-element elementor-element-1603a04 elementor-widget-divider--view-line elementor-widget elementor-widget-divider\" data-id=\"1603a04\" data-element_type=\"widget\" data-widget_type=\"divider.default\">\n\t\t\t\t<div class=\"elementor-widget-container\">\n\t\t\t\t\t<div class=\"elementor-divider\">\n\t\t\t<span class=\"elementor-divider-separator\">\n\t\t\t\t\t\t<\/span>\n\t\t<\/div>\n\t\t\t\t<\/div>\n\t\t\t\t<\/div>\n\t\t\t\t\t<\/div>\n\t\t<\/div>\n\t\t\t\t\t\t\t<\/div>\n\t\t<\/section>\n\t\t\t\t<section class=\"elementor-section elementor-top-section elementor-element elementor-element-83fcf66 elementor-section-boxed elementor-section-height-default elementor-section-height-default\" data-id=\"83fcf66\" data-element_type=\"section\">\n\t\t\t\t\t\t<div class=\"elementor-container elementor-column-gap-default\">\n\t\t\t\t\t<div class=\"elementor-column elementor-col-100 elementor-top-column elementor-element elementor-element-19a3e4a\" data-id=\"19a3e4a\" data-element_type=\"column\">\n\t\t\t<div class=\"elementor-widget-wrap elementor-element-populated\">\n\t\t\t\t\t\t\t\t<div class=\"elementor-element elementor-element-90ff18b elementor-widget elementor-widget-heading\" data-id=\"90ff18b\" data-element_type=\"widget\" data-widget_type=\"heading.default\">\n\t\t\t\t<div class=\"elementor-widget-container\">\n\t\t\t<h3 class=\"elementor-heading-title elementor-size-default\">Novas Instala\u00e7\u00f5es em Monte Sossego, S\u00e3o Vicente<\/h3>\t\t<\/div>\n\t\t\t\t<\/div>\n\t\t\t\t<section class=\"elementor-section elementor-inner-section elementor-element elementor-element-796ac51 elementor-section-boxed elementor-section-height-default elementor-section-height-default\" data-id=\"796ac51\" data-element_type=\"section\">\n\t\t\t\t\t\t<div class=\"elementor-container elementor-column-gap-default\">\n\t\t\t\t\t<div class=\"elementor-column elementor-col-50 elementor-inner-column elementor-element elementor-element-620c860\" data-id=\"620c860\" data-element_type=\"column\">\n\t\t\t<div class=\"elementor-widget-wrap elementor-element-populated\">\n\t\t\t\t\t\t\t\t<div class=\"elementor-element elementor-element-0971d70 elementor-widget elementor-widget-image\" data-id=\"0971d70\" data-element_type=\"widget\" data-widget_type=\"image.default\">\n\t\t\t\t<div class=\"elementor-widget-container\">\n\t\t\t\t\t<div class=\"elementor-image\">\n\t\t\t\t\t\t\t\t\t\t<img loading=\"lazy\" decoding=\"async\" width=\"1024\" height=\"768\" src=\"https:\/\/serilopes.cv\/2021\/wp-content\/uploads\/2023\/05\/seri-lopes-confeccao-design-impressao-serigrafia-sao-vicente-cabo-verde-monte-sossego-1024x768.jpg\" class=\"attachment-large size-large\" alt=\"\" srcset=\"https:\/\/serilopes.cv\/2021\/wp-content\/uploads\/2023\/05\/seri-lopes-confeccao-design-impressao-serigrafia-sao-vicente-cabo-verde-monte-sossego-1024x768.jpg 1024w, https:\/\/serilopes.cv\/2021\/wp-content\/uploads\/2023\/05\/seri-lopes-confeccao-design-impressao-serigrafia-sao-vicente-cabo-verde-monte-sossego-300x225.jpg 300w, https:\/\/serilopes.cv\/2021\/wp-content\/uploads\/2023\/05\/seri-lopes-confeccao-design-impressao-serigrafia-sao-vicente-cabo-verde-monte-sossego-768x576.jpg 768w, https:\/\/serilopes.cv\/2021\/wp-content\/uploads\/2023\/05\/seri-lopes-confeccao-design-impressao-serigrafia-sao-vicente-cabo-verde-monte-sossego-1536x1152.jpg 1536w, https:\/\/serilopes.cv\/2021\/wp-content\/uploads\/2023\/05\/seri-lopes-confeccao-design-impressao-serigrafia-sao-vicente-cabo-verde-monte-sossego-600x450.jpg 600w, https:\/\/serilopes.cv\/2021\/wp-content\/uploads\/2023\/05\/seri-lopes-confeccao-design-impressao-serigrafia-sao-vicente-cabo-verde-monte-sossego.jpg 1734w\" sizes=\"auto, (max-width: 1024px) 100vw, 1024px\" \/>\t\t\t\t\t\t\t\t\t\t\t<\/div>\n\t\t\t\t<\/div>\n\t\t\t\t<\/div>\n\t\t\t\t\t<\/div>\n\t\t<\/div>\n\t\t\t\t<div class=\"elementor-column elementor-col-50 elementor-inner-column elementor-element elementor-element-1ebc16d\" data-id=\"1ebc16d\" data-element_type=\"column\">\n\t\t\t<div class=\"elementor-widget-wrap elementor-element-populated\">\n\t\t\t\t\t\t\t\t<div class=\"elementor-element elementor-element-5a9d935 elementor-widget elementor-widget-text-editor\" data-id=\"5a9d935\" data-element_type=\"widget\" data-widget_type=\"text-editor.default\">\n\t\t\t\t<div class=\"elementor-widget-container\">\n\t\t\t\t\t<div class=\"elementor-text-editor elementor-clearfix\"><p>Temos o prazer de informar que as novas instala\u00e7\u00f5es da Seri Lopes se encontram em Monte Sossego, na Rua do Mini Mercado Pilar Vermelho desde o dia 15 de Setembro de 2023.<\/p><h4><a href=\"https:\/\/serilopes.cv\/2021\/contato\/\"><strong><span style=\"font-size: 15px;\">Nossos Contactos<\/span><\/strong><\/a><\/h4><\/div>\n\t\t\t\t<\/div>\n\t\t\t\t<\/div>\n\t\t\t\t\t<\/div>\n\t\t<\/div>\n\t\t\t\t\t\t\t<\/div>\n\t\t<\/section>\n\t\t\t\t\t<\/div>\n\t\t<\/div>\n\t\t\t\t\t\t\t<\/div>\n\t\t<\/section>\n\t\t\t\t<section class=\"elementor-section elementor-top-section elementor-element elementor-element-3890924 elementor-section-boxed elementor-section-height-default elementor-section-height-default\" data-id=\"3890924\" data-element_type=\"section\">\n\t\t\t\t\t\t<div class=\"elementor-container elementor-column-gap-default\">\n\t\t\t\t\t<div class=\"elementor-column elementor-col-100 elementor-top-column elementor-element elementor-element-3b81c47\" data-id=\"3b81c47\" data-element_type=\"column\">\n\t\t\t<div class=\"elementor-widget-wrap elementor-element-populated\">\n\t\t\t\t\t\t\t\t<div class=\"elementor-element elementor-element-498cd9f elementor-widget elementor-widget-spacer\" data-id=\"498cd9f\" data-element_type=\"widget\" data-widget_type=\"spacer.default\">\n\t\t\t\t<div class=\"elementor-widget-container\">\n\t\t\t\t\t<div class=\"elementor-spacer\">\n\t\t\t<div class=\"elementor-spacer-inner\"><\/div>\n\t\t<\/div>\n\t\t\t\t<\/div>\n\t\t\t\t<\/div>\n\t\t\t\t\t<\/div>\n\t\t<\/div>\n\t\t\t\t\t\t\t<\/div>\n\t\t<\/section>\n\t\t\t\t\t\t<\/div>\n\t\t\t\t\t<\/div>\n\t\t","protected":false},"excerpt":{"rendered":"<p>Blog Novas Instala\u00e7\u00f5es em Monte Sossego, S\u00e3o Vicente Temos o prazer de informar que as novas instala\u00e7\u00f5es da Seri Lopes se encontram em Monte Sossego, na Rua do Mini Mercado Pilar Vermelho desde o dia 15 de Setembro de 2023. Nossos Contactos<\/p>\n","protected":false},"author":1,"featured_media":0,"parent":0,"menu_order":0,"comment_status":"closed","ping_status":"closed","template":"","meta":{"footnotes":""},"class_list":["post-43","page","type-page","status-publish","hentry"],"_links":{"self":[{"href":"https:\/\/serilopes.cv\/2021\/wp-json\/wp\/v2\/pages\/43","targetHints":{"allow":["GET"]}}],"collection":[{"href":"https:\/\/serilopes.cv\/2021\/wp-json\/wp\/v2\/pages"}],"about":[{"href":"https:\/\/serilopes.cv\/2021\/wp-json\/wp\/v2\/types\/page"}],"author":[{"embeddable":true,"href":"https:\/\/serilopes.cv\/2021\/wp-json\/wp\/v2\/users\/1"}],"replies":[{"embeddable":true,"href":"https:\/\/serilopes.cv\/2021\/wp-json\/wp\/v2\/comments?post=43"}],"version-history":[{"count":46,"href":"https:\/\/serilopes.cv\/2021\/wp-json\/wp\/v2\/pages\/43\/revisions"}],"predecessor-version":[{"id":2756,"href":"https:\/\/serilopes.cv\/2021\/wp-json\/wp\/v2\/pages\/43\/revisions\/2756"}],"wp:attachment":[{"href":"https:\/\/serilopes.cv\/2021\/wp-json\/wp\/v2\/media?parent=43"}],"curies":[{"name":"wp","href":"https:\/\/api.w.org\/{rel}","templated":true}]}}