{"id":1628,"date":"2021-05-21T11:27:34","date_gmt":"2021-05-21T11:27:34","guid":{"rendered":"https:\/\/serilopes.cv\/2021\/?page_id=1628"},"modified":"2021-08-17T17:26:51","modified_gmt":"2021-08-17T17:26:51","slug":"produtos","status":"publish","type":"page","link":"https:\/\/serilopes.cv\/2021\/produtos\/","title":{"rendered":"Produtos"},"content":{"rendered":"\t\t<div data-elementor-type=\"wp-post\" data-elementor-id=\"1628\" class=\"elementor elementor-1628\" data-elementor-settings=\"[]\">\n\t\t\t\t\t\t\t<div class=\"elementor-section-wrap\">\n\t\t\t\t\t\t\t<section class=\"elementor-section elementor-top-section elementor-element elementor-element-8c39fce elementor-section-content-middle elementor-section-boxed elementor-section-height-default elementor-section-height-default\" data-id=\"8c39fce\" data-element_type=\"section\" data-settings=\"{&quot;background_background&quot;:&quot;classic&quot;}\">\n\t\t\t\t\t\t\t<div class=\"elementor-background-overlay\"><\/div>\n\t\t\t\t\t\t\t<div class=\"elementor-container elementor-column-gap-no\">\n\t\t\t\t\t<div class=\"elementor-column elementor-col-100 elementor-top-column elementor-element elementor-element-b1952b1\" data-id=\"b1952b1\" data-element_type=\"column\">\n\t\t\t<div class=\"elementor-widget-wrap\">\n\t\t\t\t\t\t\t\t\t<\/div>\n\t\t<\/div>\n\t\t\t\t\t\t\t<\/div>\n\t\t<\/section>\n\t\t\t\t<section class=\"elementor-section elementor-top-section elementor-element elementor-element-d28c655 elementor-section-full_width elementor-section-height-default elementor-section-height-default\" data-id=\"d28c655\" data-element_type=\"section\">\n\t\t\t\t\t\t<div class=\"elementor-container elementor-column-gap-default\">\n\t\t\t\t\t<div class=\"elementor-column elementor-col-100 elementor-top-column elementor-element elementor-element-997bde8\" data-id=\"997bde8\" data-element_type=\"column\" data-settings=\"{&quot;background_background&quot;:&quot;classic&quot;}\">\n\t\t\t<div class=\"elementor-widget-wrap elementor-element-populated\">\n\t\t\t\t\t\t\t\t<div class=\"elementor-element elementor-element-c151ae7 elementor-widget elementor-widget-heading\" data-id=\"c151ae7\" data-element_type=\"widget\" data-widget_type=\"heading.default\">\n\t\t\t\t<div class=\"elementor-widget-container\">\n\t\t\t<h3 class=\"elementor-heading-title elementor-size-default\">Nosso Showroom<\/h3>\t\t<\/div>\n\t\t\t\t<\/div>\n\t\t\t\t<div class=\"elementor-element elementor-element-81ed25d elementor-widget-divider--view-line elementor-widget elementor-widget-divider\" data-id=\"81ed25d\" data-element_type=\"widget\" data-widget_type=\"divider.default\">\n\t\t\t\t<div class=\"elementor-widget-container\">\n\t\t\t\t\t<div class=\"elementor-divider\">\n\t\t\t<span class=\"elementor-divider-separator\">\n\t\t\t\t\t\t<\/span>\n\t\t<\/div>\n\t\t\t\t<\/div>\n\t\t\t\t<\/div>\n\t\t\t\t<div class=\"elementor-element elementor-element-18aa56f elementor-widget elementor-widget-spacer\" data-id=\"18aa56f\" data-element_type=\"widget\" data-widget_type=\"spacer.default\">\n\t\t\t\t<div class=\"elementor-widget-container\">\n\t\t\t\t\t<div class=\"elementor-spacer\">\n\t\t\t<div class=\"elementor-spacer-inner\"><\/div>\n\t\t<\/div>\n\t\t\t\t<\/div>\n\t\t\t\t<\/div>\n\t\t\t\t<div class=\"elementor-element elementor-element-7d45389 elementor-widget elementor-widget-spacer\" data-id=\"7d45389\" data-element_type=\"widget\" data-widget_type=\"spacer.default\">\n\t\t\t\t<div class=\"elementor-widget-container\">\n\t\t\t\t\t<div class=\"elementor-spacer\">\n\t\t\t<div class=\"elementor-spacer-inner\"><\/div>\n\t\t<\/div>\n\t\t\t\t<\/div>\n\t\t\t\t<\/div>\n\t\t\t\t<div class=\"elementor-element elementor-element-f444467 elementor-widget elementor-widget-shortcode\" data-id=\"f444467\" data-element_type=\"widget\" data-widget_type=\"shortcode.default\">\n\t\t\t\t<div class=\"elementor-widget-container\">\n\t\t\t\t\t<div class=\"elementor-shortcode\"><div class=\"woocommerce columns-4 \"><ul class=\"products columns-4\">\n<li class=\"product type-product post-1669 status-publish first instock product_cat-confeccao product_cat-polos has-post-thumbnail featured shipping-taxable product-type-simple\">\n\t<img loading=\"lazy\" decoding=\"async\" width=\"300\" height=\"300\" src=\"https:\/\/serilopes.cv\/2021\/wp-content\/uploads\/2021\/06\/u52-1-1-300x300.jpg\" class=\"show-on-hover\" alt=\"\" srcset=\"https:\/\/serilopes.cv\/2021\/wp-content\/uploads\/2021\/06\/u52-1-1-300x300.jpg 300w, https:\/\/serilopes.cv\/2021\/wp-content\/uploads\/2021\/06\/u52-1-1-150x150.jpg 150w, https:\/\/serilopes.cv\/2021\/wp-content\/uploads\/2021\/06\/u52-1-1-100x100.jpg 100w\" sizes=\"auto, (max-width: 300px) 100vw, 300px\" \/><\/li>\n<li class=\"product type-product post-1667 status-publish instock product_cat-confeccao product_cat-uniformes has-post-thumbnail featured shipping-taxable product-type-simple\">\n\t<img loading=\"lazy\" decoding=\"async\" width=\"300\" height=\"300\" src=\"https:\/\/serilopes.cv\/2021\/wp-content\/uploads\/2021\/06\/unif31-1-600x450-1-300x300.jpg\" class=\"show-on-hover\" alt=\"\" srcset=\"https:\/\/serilopes.cv\/2021\/wp-content\/uploads\/2021\/06\/unif31-1-600x450-1-300x300.jpg 300w, https:\/\/serilopes.cv\/2021\/wp-content\/uploads\/2021\/06\/unif31-1-600x450-1-150x150.jpg 150w, https:\/\/serilopes.cv\/2021\/wp-content\/uploads\/2021\/06\/unif31-1-600x450-1-100x100.jpg 100w\" sizes=\"auto, (max-width: 300px) 100vw, 300px\" \/><\/li>\n<li class=\"product type-product post-1594 status-publish instock product_cat-batas product_cat-confeccao has-post-thumbnail featured shipping-taxable product-type-simple\">\n\t<img loading=\"lazy\" decoding=\"async\" width=\"300\" height=\"300\" src=\"https:\/\/serilopes.cv\/2021\/wp-content\/uploads\/2021\/05\/u6-1-600x450-1-300x300.jpg\" class=\"show-on-hover\" alt=\"\" srcset=\"https:\/\/serilopes.cv\/2021\/wp-content\/uploads\/2021\/05\/u6-1-600x450-1-300x300.jpg 300w, https:\/\/serilopes.cv\/2021\/wp-content\/uploads\/2021\/05\/u6-1-600x450-1-150x150.jpg 150w, https:\/\/serilopes.cv\/2021\/wp-content\/uploads\/2021\/05\/u6-1-600x450-1-100x100.jpg 100w\" sizes=\"auto, (max-width: 300px) 100vw, 300px\" \/><\/li>\n<li class=\"product type-product post-1526 status-publish last instock product_cat-confeccao product_cat-t-shirts has-post-thumbnail featured shipping-taxable product-type-simple\">\n\t<img loading=\"lazy\" decoding=\"async\" width=\"300\" height=\"300\" src=\"https:\/\/serilopes.cv\/2021\/wp-content\/uploads\/2021\/05\/u19-1-600x450-1-300x300.jpg\" class=\"show-on-hover\" alt=\"\" srcset=\"https:\/\/serilopes.cv\/2021\/wp-content\/uploads\/2021\/05\/u19-1-600x450-1-300x300.jpg 300w, https:\/\/serilopes.cv\/2021\/wp-content\/uploads\/2021\/05\/u19-1-600x450-1-150x150.jpg 150w, https:\/\/serilopes.cv\/2021\/wp-content\/uploads\/2021\/05\/u19-1-600x450-1-100x100.jpg 100w\" sizes=\"auto, (max-width: 300px) 100vw, 300px\" \/><\/li>\n<\/ul>\n<\/div><\/div>\n\t\t\t\t<\/div>\n\t\t\t\t<\/div>\n\t\t\t\t<div class=\"elementor-element elementor-element-068e2a8 elementor-widget elementor-widget-spacer\" data-id=\"068e2a8\" data-element_type=\"widget\" data-widget_type=\"spacer.default\">\n\t\t\t\t<div class=\"elementor-widget-container\">\n\t\t\t\t\t<div class=\"elementor-spacer\">\n\t\t\t<div class=\"elementor-spacer-inner\"><\/div>\n\t\t<\/div>\n\t\t\t\t<\/div>\n\t\t\t\t<\/div>\n\t\t\t\t<section class=\"elementor-section elementor-inner-section elementor-element elementor-element-eb4c9fa elementor-section-boxed elementor-section-height-default elementor-section-height-default\" data-id=\"eb4c9fa\" data-element_type=\"section\">\n\t\t\t\t\t\t<div class=\"elementor-container elementor-column-gap-default\">\n\t\t\t\t\t<div class=\"elementor-column elementor-col-33 elementor-inner-column elementor-element elementor-element-a2a7736\" data-id=\"a2a7736\" data-element_type=\"column\" data-settings=\"{&quot;background_background&quot;:&quot;classic&quot;}\">\n\t\t\t<div class=\"elementor-widget-wrap elementor-element-populated\">\n\t\t\t\t\t\t\t\t<div class=\"elementor-element elementor-element-c5bd3d1 elementor-position-top elementor-vertical-align-top elementor-widget elementor-widget-image-box\" data-id=\"c5bd3d1\" data-element_type=\"widget\" data-widget_type=\"image-box.default\">\n\t\t\t\t<div class=\"elementor-widget-container\">\n\t\t\t<div class=\"elementor-image-box-wrapper\"><figure class=\"elementor-image-box-img\"><img loading=\"lazy\" decoding=\"async\" width=\"120\" height=\"120\" src=\"https:\/\/serilopes.cv\/2021\/wp-content\/uploads\/2018\/12\/globe-free-img.png\" class=\"attachment-full size-full\" alt=\"\" srcset=\"https:\/\/serilopes.cv\/2021\/wp-content\/uploads\/2018\/12\/globe-free-img.png 120w, https:\/\/serilopes.cv\/2021\/wp-content\/uploads\/2018\/12\/globe-free-img-100x100.png 100w\" sizes=\"auto, (max-width: 120px) 100vw, 120px\" \/><\/figure><div class=\"elementor-image-box-content\"><h5 class=\"elementor-image-box-title\">Todo Territ\u00f3rio Nacional<\/h5><p class=\"elementor-image-box-description\">Enviamos para todo o territ\u00f3rio<br>Nacional, com seguran\u00e7a<br>e rapidez.<\/p><\/div><\/div>\t\t<\/div>\n\t\t\t\t<\/div>\n\t\t\t\t\t<\/div>\n\t\t<\/div>\n\t\t\t\t<div class=\"elementor-column elementor-col-33 elementor-inner-column elementor-element elementor-element-fe3f473\" data-id=\"fe3f473\" data-element_type=\"column\" data-settings=\"{&quot;background_background&quot;:&quot;classic&quot;}\">\n\t\t\t<div class=\"elementor-widget-wrap elementor-element-populated\">\n\t\t\t\t\t\t\t\t<div class=\"elementor-element elementor-element-d52b75d elementor-position-top elementor-vertical-align-top elementor-widget elementor-widget-image-box\" data-id=\"d52b75d\" data-element_type=\"widget\" data-widget_type=\"image-box.default\">\n\t\t\t\t<div class=\"elementor-widget-container\">\n\t\t\t<div class=\"elementor-image-box-wrapper\"><figure class=\"elementor-image-box-img\"><img loading=\"lazy\" decoding=\"async\" width=\"120\" height=\"120\" src=\"https:\/\/serilopes.cv\/2021\/wp-content\/uploads\/2018\/12\/quality-free-img.png\" class=\"attachment-full size-full\" alt=\"\" srcset=\"https:\/\/serilopes.cv\/2021\/wp-content\/uploads\/2018\/12\/quality-free-img.png 120w, https:\/\/serilopes.cv\/2021\/wp-content\/uploads\/2018\/12\/quality-free-img-100x100.png 100w\" sizes=\"auto, (max-width: 120px) 100vw, 120px\" \/><\/figure><div class=\"elementor-image-box-content\"><h5 class=\"elementor-image-box-title\">Melhor Qualidade<\/h5><p class=\"elementor-image-box-description\">As nossas Malhas Piqu\u00e9 <br>s\u00e3o de Enorm\u00edssima <br>qualidade e durabilidade.<\/p><\/div><\/div>\t\t<\/div>\n\t\t\t\t<\/div>\n\t\t\t\t\t<\/div>\n\t\t<\/div>\n\t\t\t\t<div class=\"elementor-column elementor-col-33 elementor-inner-column elementor-element elementor-element-aae4750\" data-id=\"aae4750\" data-element_type=\"column\" data-settings=\"{&quot;background_background&quot;:&quot;classic&quot;}\">\n\t\t\t<div class=\"elementor-widget-wrap elementor-element-populated\">\n\t\t\t\t\t\t\t\t<div class=\"elementor-element elementor-element-f9edb50 elementor-position-top elementor-vertical-align-top elementor-widget elementor-widget-image-box\" data-id=\"f9edb50\" data-element_type=\"widget\" data-widget_type=\"image-box.default\">\n\t\t\t\t<div class=\"elementor-widget-container\">\n\t\t\t<div class=\"elementor-image-box-wrapper\"><figure class=\"elementor-image-box-img\"><img loading=\"lazy\" decoding=\"async\" width=\"120\" height=\"120\" src=\"https:\/\/serilopes.cv\/2021\/wp-content\/uploads\/2018\/12\/tag-free-img.png\" class=\"attachment-full size-full\" alt=\"\" srcset=\"https:\/\/serilopes.cv\/2021\/wp-content\/uploads\/2018\/12\/tag-free-img.png 120w, https:\/\/serilopes.cv\/2021\/wp-content\/uploads\/2018\/12\/tag-free-img-100x100.png 100w\" sizes=\"auto, (max-width: 120px) 100vw, 120px\" \/><\/figure><div class=\"elementor-image-box-content\"><h5 class=\"elementor-image-box-title\">Melhores Ofertas<\/h5><p class=\"elementor-image-box-description\">Oferecemos o melhor <br>pre\u00e7o\/qualidade<br>do Mercado.<\/p><\/div><\/div>\t\t<\/div>\n\t\t\t\t<\/div>\n\t\t\t\t\t<\/div>\n\t\t<\/div>\n\t\t\t\t\t\t\t<\/div>\n\t\t<\/section>\n\t\t\t\t<div class=\"elementor-element elementor-element-d972bdc elementor-widget elementor-widget-spacer\" data-id=\"d972bdc\" data-element_type=\"widget\" data-widget_type=\"spacer.default\">\n\t\t\t\t<div class=\"elementor-widget-container\">\n\t\t\t\t\t<div class=\"elementor-spacer\">\n\t\t\t<div class=\"elementor-spacer-inner\"><\/div>\n\t\t<\/div>\n\t\t\t\t<\/div>\n\t\t\t\t<\/div>\n\t\t\t\t\t<\/div>\n\t\t<\/div>\n\t\t\t\t\t\t\t<\/div>\n\t\t<\/section>\n\t\t\t\t\t\t<\/div>\n\t\t\t\t\t<\/div>\n\t\t","protected":false},"excerpt":{"rendered":"<p>Nosso Showroom Todo Territ\u00f3rio Nacional Enviamos para todo o territ\u00f3rioNacional, com seguran\u00e7ae rapidez. Melhor Qualidade As nossas Malhas Piqu\u00e9 s\u00e3o de Enorm\u00edssima qualidade e durabilidade. Melhores Ofertas Oferecemos o melhor pre\u00e7o\/qualidadedo Mercado.<\/p>\n","protected":false},"author":1,"featured_media":0,"parent":0,"menu_order":0,"comment_status":"closed","ping_status":"closed","template":"","meta":{"footnotes":""},"class_list":["post-1628","page","type-page","status-publish","hentry"],"_links":{"self":[{"href":"https:\/\/serilopes.cv\/2021\/wp-json\/wp\/v2\/pages\/1628","targetHints":{"allow":["GET"]}}],"collection":[{"href":"https:\/\/serilopes.cv\/2021\/wp-json\/wp\/v2\/pages"}],"about":[{"href":"https:\/\/serilopes.cv\/2021\/wp-json\/wp\/v2\/types\/page"}],"author":[{"embeddable":true,"href":"https:\/\/serilopes.cv\/2021\/wp-json\/wp\/v2\/users\/1"}],"replies":[{"embeddable":true,"href":"https:\/\/serilopes.cv\/2021\/wp-json\/wp\/v2\/comments?post=1628"}],"version-history":[{"count":61,"href":"https:\/\/serilopes.cv\/2021\/wp-json\/wp\/v2\/pages\/1628\/revisions"}],"predecessor-version":[{"id":2502,"href":"https:\/\/serilopes.cv\/2021\/wp-json\/wp\/v2\/pages\/1628\/revisions\/2502"}],"wp:attachment":[{"href":"https:\/\/serilopes.cv\/2021\/wp-json\/wp\/v2\/media?parent=1628"}],"curies":[{"name":"wp","href":"https:\/\/api.w.org\/{rel}","templated":true}]}}